{"id":396,"date":"2018-09-23T16:21:34","date_gmt":"2018-09-23T14:21:34","guid":{"rendered":"https:\/\/www.stubau.team\/uvod\/"},"modified":"2025-02-21T00:53:28","modified_gmt":"2025-02-20T23:53:28","slug":"uvod","status":"publish","type":"page","link":"https:\/\/www.stubau.team\/sr\/","title":{"rendered":"Uvod"},"content":{"rendered":"<div class=\"wpb-content-wrapper\">[vc_row full_width=&#8220;stretch_row&#8220; column_spacing=&#8220;0px&#8220; css=&#8220;.vc_custom_1529859280165{padding-top: 40px !important;padding-bottom: 40px !important;background-color: #009ee2 !important;}&#8220;][vc_column][vc_column_text color=&#8220;#ffffff&#8220; font_size=&#8220;21&#8243;]\n<p style=\"text-align: center;\">Spolo\u010dnos\u0165 STUBAU u\u017e nieko\u013eko rokov poskytuje kompletn\u00e9 rekon\u0161truk\u010dn\u00e9 a stavebn\u00e9 pr\u00e1ce. Po\u010f aj ty pracova\u0165 na zauj\u00edmav\u00fdch a dobre platen\u00fdch projektoch na Slovensku i v zahrani\u010d\u00ed. Sta\u0148 sa s\u00fa\u010das\u0165ou n\u00e1\u0161ho t\u00edmu.<\/p>\n[\/vc_column_text][\/vc_column][\/vc_row][vc_row css=&#8220;.vc_custom_1460667407935{padding-top: 80px !important;padding-bottom: 50px !important;}&#8220;][vc_column width=&#8220;1\/3&#8243;]<style>.vcex-icon-box.vcex_69f205987ab0c .vcex-icon-box-heading{font-weight:400;text-transform:uppercase;}.vcex-icon-box.vcex_69f205987ab0c .vcex-icon-box-icon{font-size:40px;color:#222222;}<\/style><div class=\"vcex-module vcex-icon-box vcex-icon-box-two wpex-block wpex-text-center vcex_69f205987ab0c\"><div class=\"vcex-icon-box-symbol vcex-icon-box-symbol--icon wpex-mb-20\"><div class=\"vcex-icon-box-icon wpex-items-center wpex-justify-center wpex-child-inherit-color wpex-text-center wpex-leading-none wpex-inline-flex wpex-text-1\"><span class=\"wpex-flex wpex-icon\" aria-hidden=\"true\"><svg xmlns=\"http:\/\/www.w3.org\/2000\/svg\" viewBox=\"0 0 576 512\"><path d=\"M400 0H176c-26.5 0-48.1 21.8-47.1 48.2c.2 5.3 .4 10.6 .7 15.8H24C10.7 64 0 74.7 0 88c0 92.6 33.5 157 78.5 200.7c44.3 43.1 98.3 64.8 138.1 75.8c23.4 6.5 39.4 26 39.4 45.6c0 20.9-17 37.9-37.9 37.9H192c-17.7 0-32 14.3-32 32s14.3 32 32 32H384c17.7 0 32-14.3 32-32s-14.3-32-32-32H357.9C337 448 320 431 320 410.1c0-19.6 15.9-39.2 39.4-45.6c39.9-11 93.9-32.7 138.2-75.8C542.5 245 576 180.6 576 88c0-13.3-10.7-24-24-24H446.4c.3-5.2 .5-10.4 .7-15.8C448.1 21.8 426.5 0 400 0zM48.9 112h84.4c9.1 90.1 29.2 150.3 51.9 190.6c-24.9-11-50.8-26.5-73.2-48.3c-32-31.1-58-76-63-142.3zM464.1 254.3c-22.4 21.8-48.3 37.3-73.2 48.3c22.7-40.3 42.8-100.5 51.9-190.6h84.4c-5.1 66.3-31.1 111.2-63 142.3z\"\/><\/svg><\/span><\/div><\/div><div class=\"vcex-icon-box-text\"><h2 class=\"vcex-icon-box-heading wpex-heading wpex-text-md wpex-mb-10\">Biti deo super tima<\/h2><div class=\"vcex-icon-box-content wpex-last-mb-0 wpex-clr\"><p>Biramo samo pouzdane i odgovorne radnike sa vi\u0161egodi\u0161njim iskustvom. \u017delimo da se na\u0161 tim sastoji samo od dokazanih profesionalca.<\/p>\n<\/div><\/div><\/div>[\/vc_column][vc_column width=&#8220;1\/3&#8243;]<style>.vcex-icon-box.vcex_69f205987ca2f .vcex-icon-box-heading{font-weight:400;text-transform:uppercase;}.vcex-icon-box.vcex_69f205987ca2f .vcex-icon-box-icon{font-size:40px;color:#222222;}<\/style><div class=\"vcex-module vcex-icon-box vcex-icon-box-two wpex-block wpex-text-center vcex_69f205987ca2f\"><div class=\"vcex-icon-box-symbol vcex-icon-box-symbol--icon wpex-mb-20\"><div class=\"vcex-icon-box-icon wpex-items-center wpex-justify-center wpex-child-inherit-color wpex-text-center wpex-leading-none wpex-inline-flex wpex-text-1\"><span class=\"wpex-flex wpex-icon\" aria-hidden=\"true\"><svg xmlns=\"http:\/\/www.w3.org\/2000\/svg\" viewBox=\"0 0 512 512\"><path d=\"M64 64c0-17.7-14.3-32-32-32S0 46.3 0 64V400c0 44.2 35.8 80 80 80H480c17.7 0 32-14.3 32-32s-14.3-32-32-32H80c-8.8 0-16-7.2-16-16V64zm406.6 86.6c12.5-12.5 12.5-32.8 0-45.3s-32.8-12.5-45.3 0L320 210.7l-57.4-57.4c-12.5-12.5-32.8-12.5-45.3 0l-112 112c-12.5 12.5-12.5 32.8 0 45.3s32.8 12.5 45.3 0L240 221.3l57.4 57.4c12.5 12.5 32.8 12.5 45.3 0l128-128z\"\/><\/svg><\/span><\/div><\/div><div class=\"vcex-icon-box-text\"><h2 class=\"vcex-icon-box-heading wpex-heading wpex-text-md wpex-mb-10\">Posao u stabilnoj firmi<\/h2><div class=\"vcex-icon-box-content wpex-last-mb-0 wpex-clr\"><p>Sme spolo\u010dnos\u0165, ktor\u00e1 si zaklad\u00e1 na f\u00e9rov\u00fdch podmienkach a dodr\u017eiavan\u00ed term\u00ednov a doh\u00f4d. Pr\u00e1ve to a neust\u00e1le zdokona\u013eovanie n\u00e1s pos\u00favaj\u00fa \u010falej.<\/p>\n<\/div><\/div><\/div>[\/vc_column][vc_column width=&#8220;1\/3&#8243;]<style>.vcex-icon-box.vcex_69f205987da27 .vcex-icon-box-heading{font-weight:400;text-transform:uppercase;}.vcex-icon-box.vcex_69f205987da27 .vcex-icon-box-icon{font-size:40px;color:#222222;}<\/style><div class=\"vcex-module vcex-icon-box vcex-icon-box-two wpex-block wpex-text-center vcex_69f205987da27\"><div class=\"vcex-icon-box-symbol vcex-icon-box-symbol--icon wpex-mb-20\"><div class=\"vcex-icon-box-icon wpex-items-center wpex-justify-center wpex-child-inherit-color wpex-text-center wpex-leading-none wpex-inline-flex wpex-text-1\"><span class=\"wpex-flex wpex-icon\" aria-hidden=\"true\"><svg xmlns=\"http:\/\/www.w3.org\/2000\/svg\" viewBox=\"0 0 320 512\"><path d=\"M48.1 240c-.1 2.7-.1 5.3-.1 8v16c0 2.7 0 5.3 .1 8H32c-17.7 0-32 14.3-32 32s14.3 32 32 32H60.3C89.9 419.9 170 480 264 480h24c17.7 0 32-14.3 32-32s-14.3-32-32-32H264c-57.9 0-108.2-32.4-133.9-80H256c17.7 0 32-14.3 32-32s-14.3-32-32-32H112.2c-.1-2.6-.2-5.3-.2-8V248c0-2.7 .1-5.4 .2-8H256c17.7 0 32-14.3 32-32s-14.3-32-32-32H130.1c25.7-47.6 76-80 133.9-80h24c17.7 0 32-14.3 32-32s-14.3-32-32-32H264C170 32 89.9 92.1 60.3 176H32c-17.7 0-32 14.3-32 32s14.3 32 32 32H48.1z\"\/><\/svg><\/span><\/div><\/div><div class=\"vcex-icon-box-text\"><h2 class=\"vcex-icon-box-heading wpex-heading wpex-text-md wpex-mb-10\">Odgovaraju\u0107i doprinos<\/h2><div class=\"vcex-icon-box-content wpex-last-mb-0 wpex-clr\"><p>Svi na\u0161i radnici dobijaju platu na vreme i po ugovoru. Podrazumeva se da se prekomerni rad dodatno pla\u0107a, a po zasluzi, dobijaju se i nagrade.<\/p>\n<\/div><\/div><\/div>[\/vc_column][\/vc_row][vc_row full_width=&#8220;stretch_row&#8220; css=&#8220;.vc_custom_1489611246294{padding-top: 60px !important;padding-bottom: 50px !important;background-color: #efefef !important;}&#8220;][vc_column]<style>.vcex-heading.vcex_69f205987ec70{font-size:28px;}<\/style><h2 class=\"vcex-heading vcex-heading-plain vcex-module wpex-heading wpex-text-2xl wpex-text-center vcex_69f205987ec70\"><span class=\"vcex-heading-inner wpex-inline-block\">Za\u0161to raditi za Stubau?<\/span><\/h2><div class=\"vcex-spacing wpex-w-100 wpex-clear\"><\/div>[vc_column_text]\n<p style=\"text-align: center;\">Na\u0161a spolo\u010dnos\u0165 Stubau SR s.r.o. u\u017e od roku 2014 pon\u00faka profesion\u00e1lne slu\u017eby v oblasti kompletn\u00fdch rekon\u0161trukci\u00ed a \u00faprav priestorov a nehnute\u013enost\u00ed. Ka\u017ed\u00fdm rokom sa rozrast\u00e1me a roz\u0161irujeme na\u0161e portf\u00f3lio slu\u017eieb. Spolo\u010dnos\u0165 si zaklad\u00e1 na predch\u00e1dzaj\u00facich dlhoro\u010dn\u00fdch sk\u00fasenostiach ako konate\u013eov firmy, tak aj zamestnancov, v oblasti stavebn\u00fdch a rekon\u0161truk\u010dn\u00fdch pr\u00e1c.<\/p>\n[\/vc_column_text][\/vc_column][\/vc_row][vc_row full_width=&#8220;stretch_row_content_no_spaces&#8220;][vc_column css=&#8220;.vc_custom_1476674115468{margin-bottom: 0px !important;background-color: #000000 !important;}&#8220;]<div class=\"vcex-image-grid-wrap\"><div class=\"vcex-module vcex-image-grid grid-style-no-margins wpex-row wpex-clr vcex-isotope-grid no-transition wpex-overflow-hidden vcex-no-margin-grid wpex-lightbox-group\" data-transition-duration=\"0.0\" data-thumbnails=\"false\" data-show_title=\"false\"><div class=\"id-386 vcex-image-grid-entry vcex-grid-item vcex-isotope-entry wpex-text-center vcex-no-margin-entry span_1_of_4 col col-1\"><figure class=\"vcex-image-grid-entry-figure wpex-last-mb-0 wpex-clr\"><div class=\"vcex-image-grid-entry-img entry-media wpex-relative overlay-parent overlay-parent-plus-hover wpex-overflow-hidden wpex-mb-20\"><a href=\"https:\/\/www.stubau.team\/wp-content\/uploads\/2018\/06\/gallery05-1500x842.jpg\" class=\"vcex-image-grid-entry-link wpex-lightbox-group-item\" data-thumbnails=\"false\" data-show_title=\"false\"><img data-no-lazy=\"1\" class=\"wpex-align-middle skip-lazy\" src=\"https:\/\/www.stubau.team\/wp-content\/uploads\/2018\/06\/gallery05-800x600.jpg\" alt=\"\" width=\"800\" height=\"600\">\n<div class=\"overlay-plus-hover overlay-hide theme-overlay wpex-absolute wpex-inset-0 wpex-transition-all wpex-duration-300\" aria-hidden=\"true\">\n\t<span class=\"overlay-bg wpex-flex wpex-items-center wpex-justify-center wpex-bg-black wpex-block wpex-absolute wpex-inset-0 wpex-opacity-60\"><svg xmlns=\"http:\/\/www.w3.org\/2000\/svg\" height=\"40\" width=\"40\" stroke=\"#fff\"><path d=\"M-83 26.947h7.225v234.297H-83zM20 0h0v20h20 0-20v20h0V20H0h0 20z\"\/><\/svg><\/span>\n<\/div>\n<\/a><\/div><\/figure><\/div><div class=\"id-389 vcex-image-grid-entry vcex-grid-item vcex-isotope-entry wpex-text-center vcex-no-margin-entry span_1_of_4 col col-2\"><figure class=\"vcex-image-grid-entry-figure wpex-last-mb-0 wpex-clr\"><div class=\"vcex-image-grid-entry-img entry-media wpex-relative overlay-parent overlay-parent-plus-hover wpex-overflow-hidden wpex-mb-20\"><a href=\"https:\/\/www.stubau.team\/wp-content\/uploads\/2018\/06\/gallery08-1500x842.jpg\" class=\"vcex-image-grid-entry-link wpex-lightbox-group-item\" data-thumbnails=\"false\" data-show_title=\"false\"><img data-no-lazy=\"1\" class=\"wpex-align-middle skip-lazy\" src=\"https:\/\/www.stubau.team\/wp-content\/uploads\/2018\/06\/gallery08-800x600.jpg\" alt=\"\" width=\"800\" height=\"600\">\n<div class=\"overlay-plus-hover overlay-hide theme-overlay wpex-absolute wpex-inset-0 wpex-transition-all wpex-duration-300\" aria-hidden=\"true\">\n\t<span class=\"overlay-bg wpex-flex wpex-items-center wpex-justify-center wpex-bg-black wpex-block wpex-absolute wpex-inset-0 wpex-opacity-60\"><svg xmlns=\"http:\/\/www.w3.org\/2000\/svg\" height=\"40\" width=\"40\" stroke=\"#fff\"><path d=\"M-83 26.947h7.225v234.297H-83zM20 0h0v20h20 0-20v20h0V20H0h0 20z\"\/><\/svg><\/span>\n<\/div>\n<\/a><\/div><\/figure><\/div><div class=\"id-390 vcex-image-grid-entry vcex-grid-item vcex-isotope-entry wpex-text-center vcex-no-margin-entry span_1_of_4 col col-3\"><figure class=\"vcex-image-grid-entry-figure wpex-last-mb-0 wpex-clr\"><div class=\"vcex-image-grid-entry-img entry-media wpex-relative overlay-parent overlay-parent-plus-hover wpex-overflow-hidden wpex-mb-20\"><a href=\"https:\/\/www.stubau.team\/wp-content\/uploads\/2018\/06\/gallery09-1500x842.jpg\" class=\"vcex-image-grid-entry-link wpex-lightbox-group-item\" data-thumbnails=\"false\" data-show_title=\"false\"><img data-no-lazy=\"1\" class=\"wpex-align-middle skip-lazy\" src=\"https:\/\/www.stubau.team\/wp-content\/uploads\/2018\/06\/gallery09-800x600.jpg\" alt=\"\" width=\"800\" height=\"600\">\n<div class=\"overlay-plus-hover overlay-hide theme-overlay wpex-absolute wpex-inset-0 wpex-transition-all wpex-duration-300\" aria-hidden=\"true\">\n\t<span class=\"overlay-bg wpex-flex wpex-items-center wpex-justify-center wpex-bg-black wpex-block wpex-absolute wpex-inset-0 wpex-opacity-60\"><svg xmlns=\"http:\/\/www.w3.org\/2000\/svg\" height=\"40\" width=\"40\" stroke=\"#fff\"><path d=\"M-83 26.947h7.225v234.297H-83zM20 0h0v20h20 0-20v20h0V20H0h0 20z\"\/><\/svg><\/span>\n<\/div>\n<\/a><\/div><\/figure><\/div><div class=\"id-391 vcex-image-grid-entry vcex-grid-item vcex-isotope-entry wpex-text-center vcex-no-margin-entry span_1_of_4 col col-4\"><figure class=\"vcex-image-grid-entry-figure wpex-last-mb-0 wpex-clr\"><div class=\"vcex-image-grid-entry-img entry-media wpex-relative overlay-parent overlay-parent-plus-hover wpex-overflow-hidden wpex-mb-20\"><a href=\"https:\/\/www.stubau.team\/wp-content\/uploads\/2018\/06\/gallery10-1500x842.jpg\" class=\"vcex-image-grid-entry-link wpex-lightbox-group-item\" data-thumbnails=\"false\" data-show_title=\"false\"><img data-no-lazy=\"1\" class=\"wpex-align-middle skip-lazy\" src=\"https:\/\/www.stubau.team\/wp-content\/uploads\/2018\/06\/gallery10-800x600.jpg\" alt=\"\" width=\"800\" height=\"600\">\n<div class=\"overlay-plus-hover overlay-hide theme-overlay wpex-absolute wpex-inset-0 wpex-transition-all wpex-duration-300\" aria-hidden=\"true\">\n\t<span class=\"overlay-bg wpex-flex wpex-items-center wpex-justify-center wpex-bg-black wpex-block wpex-absolute wpex-inset-0 wpex-opacity-60\"><svg xmlns=\"http:\/\/www.w3.org\/2000\/svg\" height=\"40\" width=\"40\" stroke=\"#fff\"><path d=\"M-83 26.947h7.225v234.297H-83zM20 0h0v20h20 0-20v20h0V20H0h0 20z\"\/><\/svg><\/span>\n<\/div>\n<\/a><\/div><\/figure><\/div><\/div><\/div>[\/vc_column][\/vc_row][vc_row full_width=&#8220;stretch_row&#8220; css=&#8220;.vc_custom_1529920640472{padding-top: 50px !important;padding-bottom: 40px !important;background-color: #efefef !important;}&#8220;][vc_column]<style>.vcex-heading.vcex_69f205988b2a6{font-size:28px;}<\/style><h2 class=\"vcex-heading vcex-heading-plain vcex-module wpex-heading wpex-text-2xl wpex-text-center vcex_69f205988b2a6\"><span class=\"vcex-heading-inner wpex-inline-block\">\u017deli\u0161 i ti da postane\u0161 deo na\u0161eg tima profesionalaca?<\/span><\/h2><div class=\"vcex-spacing wpex-w-100 wpex-clear\"><\/div>[vc_column_text text_align=&#8220;center&#8220;]Da li si ti odgovoran i ima\u0161 vi\u0161egodi\u0161nje iskustvo u svojoj struci? Voleo bi da radi\u0161 na raznolikim projektima, i ujedno postane\u0161 deo na\u0161eg tima? Ne oklevaj i kontaktiraj nas jo\u0161 danas![\/vc_column_text]<div class=\"vcex-spacing wpex-w-100 wpex-clear\"><\/div><style>.vcex-button.vcex_69f205988cba6{font-size:16px;}<\/style><div class=\"theme-button-wrap textcenter wpex-clr\"><a href=\"\/volne-pozicie\/\" class=\"vcex-button theme-button flat align-center inline vcex_69f205988cba6\" title=\"Learn More\"><span class=\"vcex-button-inner theme-button-inner wpex-flex wpex-flex-wrap wpex-items-center wpex-justify-center\">Slobodna radna mesta<\/span><\/a><\/div> [\/vc_column][\/vc_row][vc_row full_width=&#8220;stretch_row&#8220; parallax=&#8220;content-moving&#8220; wpex_bg_overlay=&#8220;color&#8220; css=&#8220;.vc_custom_1534923604412{padding-top: 100px !important;padding-bottom: 100px !important;background: #000000 url(https:\/\/www.stubau.team\/wp-content\/uploads\/2018\/06\/mid01.jpg?id=230);background-position:center;background-repeat: no-repeat !important;background-size: cover !important;}&#8220; wpex_bg_overlay_color=&#8220;#000000&#8243;][vc_column]<style>.vcex-heading.vcex_69f205988d917{color:#ffffff;font-size:32px;}<\/style><h2 class=\"vcex-heading vcex-heading-plain vcex-module wpex-heading wpex-text-2xl vcex_69f205988d917\"><span class=\"vcex-heading-inner wpex-inline-block\">Stru\u010dnjaci za rekonstrucije i gra\u0111evinske planove<\/span><\/h2>[vc_column_text font_size=&#8220;18&#8243;]<span class=\"white-text\">N\u00e1\u0161 t\u00edm sk\u00fasen\u00fdch odborn\u00edkov sa u\u017e od roku 2014 podie\u013eal na mno\u017estve\u00a0\u00faspe\u0161n\u00fdch\u00a0<\/span><span class=\"white-text\">stavebn\u00fdch projektov.<br \/>\nAk m\u00e1\u0161 sk\u00fasenosti a si odborn\u00edk na svoju pr\u00e1cu,\u00a0<\/span><span class=\"white-text\">aj ty m\u00f4\u017ee\u0161 by\u0165 jeho s\u00fa\u010das\u0165ou.<\/span>[\/vc_column_text]<div class=\"vcex-spacing wpex-w-100 wpex-clear\"><\/div><style>.vcex-button.vcex_69f205988e709{border-radius:5px;font-size:14px;font-weight:600;text-transform:uppercase;}.vcex-button.vcex_69f205988e709:hover{background:#ffffff!important;}<\/style><a href=\"\/volne-pozicie\/\" class=\"vcex-button theme-button outline white inline vcex_69f205988e709\"><span class=\"vcex-button-inner theme-button-inner wpex-flex wpex-flex-wrap wpex-items-center wpex-justify-center\">Postani deo na\u0161eg tima<span class=\"vcex-button-icon vcex-icon-wrap theme-button-icon-right\"><span class=\"wpex-icon wpex-icon--bidi\" aria-hidden=\"true\"><svg xmlns=\"http:\/\/www.w3.org\/2000\/svg\" viewBox=\"0 0 448 512\"><path d=\"M438.6 278.6c12.5-12.5 12.5-32.8 0-45.3l-160-160c-12.5-12.5-32.8-12.5-45.3 0s-12.5 32.8 0 45.3L338.8 224 32 224c-17.7 0-32 14.3-32 32s14.3 32 32 32l306.7 0L233.4 393.4c-12.5 12.5-12.5 32.8 0 45.3s32.8 12.5 45.3 0l160-160z\"\/><\/svg><\/span><\/span><\/span><\/a> [\/vc_column][\/vc_row][vc_row css=&#8220;.vc_custom_1540297279622{padding-top: 50px !important;padding-bottom: 20px !important;}&#8220;][vc_column]<style>.vcex-heading.vcex_69f205988f108{font-size:28px;}<\/style><h2 class=\"vcex-heading vcex-heading-plain vcex-module wpex-heading wpex-text-2xl wpex-text-center vcex_69f205988f108\"><span class=\"vcex-heading-inner wpex-inline-block\">\u0160ta klijenti ka\u017eu o nama?<\/span><\/h2><div class=\"vcex-spacing wpex-w-100 wpex-clear\" style=\"height:40PX;\"><\/div>[\/vc_column][\/vc_row][vc_row full_width=&#8220;stretch_row&#8220; column_spacing=&#8220;0px&#8220; disable_element=&#8220;yes&#8220; css=&#8220;.vc_custom_1529924993387{padding-top: 40px !important;padding-bottom: 60px !important;background-color: #efefef !important;}&#8220;][vc_column]<style>.vcex-heading.vcex_69f2059891e39{font-size:28px;}<\/style><h2 class=\"vcex-heading vcex-heading-plain vcex-module wpex-heading wpex-text-2xl wpex-text-center vcex_69f2059891e39\"><span class=\"vcex-heading-inner wpex-inline-block\">LATEST NEWS.<\/span><\/h2><div class=\"vcex-spacing wpex-w-100 wpex-clear\"><\/div><style>.vcex-button.vcex_69f2059894a5b{background:#444444;font-size:14px;}.vcex-button.vcex_69f2059894a5b:hover{background:#111111!important;}<\/style><div class=\"theme-button-wrap textcenter wpex-clr\"><a href=\"#\" class=\"vcex-button theme-button flat align-center inline vcex_69f2059894a5b\" title=\"Visit The Blog\" target=\"_blank\" rel=\"nofollow noopener noreferrer\"><span class=\"vcex-button-inner theme-button-inner wpex-flex wpex-flex-wrap wpex-items-center wpex-justify-center\">VISIT THE BLOG<span class=\"vcex-button-icon vcex-icon-wrap theme-button-icon-right\"><span class=\"wpex-icon wpex-icon--bidi\" aria-hidden=\"true\"><svg xmlns=\"http:\/\/www.w3.org\/2000\/svg\" viewBox=\"0 0 320 512\"><path d=\"M310.6 233.4c12.5 12.5 12.5 32.8 0 45.3l-192 192c-12.5 12.5-32.8 12.5-45.3 0s-12.5-32.8 0-45.3L242.7 256 73.4 86.6c-12.5-12.5-12.5-32.8 0-45.3s32.8-12.5 45.3 0l192 192z\"\/><\/svg><\/span><\/span><\/span><\/a><\/div> [\/vc_column][\/vc_row]\n<\/div>","protected":false},"excerpt":{"rendered":"<p>[vc_row full_width=&#8220;stretch_row&#8220; column_spacing=&#8220;0px&#8220; css=&#8220;.vc_custom_1529859280165{padding-top: 40px !important;padding-bottom: 40px !important;background-color: #009ee2 !important;}&#8220;][vc_column][vc_column_text color=&#8220;#ffffff&#8220; font_size=&#8220;21&#8243;] Spolo\u010dnos\u0165 STUBAU u\u017e nieko\u013eko rokov poskytuje kompletn\u00e9 rekon\u0161truk\u010dn\u00e9 a stavebn\u00e9 pr\u00e1ce. Po\u010f aj ty pracova\u0165 na zauj\u00edmav\u00fdch a dobre platen\u00fdch projektoch na Slovensku i v zahrani\u010d\u00ed. Sta\u0148 sa s\u00fa\u010das\u0165ou n\u00e1\u0161ho t\u00edmu. [\/vc_column_text][\/vc_column][\/vc_row][vc_row css=&#8220;.vc_custom_1460667407935{padding-top: 80px !important;padding-bottom: 50px !important;}&#8220;][vc_column width=&#8220;1\/3&#8243;][\/vc_column][vc_column width=&#8220;1\/3&#8243;][\/vc_column][vc_column width=&#8220;1\/3&#8243;][\/vc_column][\/vc_row][vc_row full_width=&#8220;stretch_row&#8220; css=&#8220;.vc_custom_1489611246294{padding-top: 60px&hellip;<\/p>\n","protected":false},"author":1,"featured_media":0,"parent":0,"menu_order":0,"comment_status":"closed","ping_status":"closed","template":"","meta":{"footnotes":""},"class_list":["post-396","page","type-page","status-publish","hentry","entry","no-media"],"_links":{"self":[{"href":"https:\/\/www.stubau.team\/sr\/wp-json\/wp\/v2\/pages\/396","targetHints":{"allow":["GET"]}}],"collection":[{"href":"https:\/\/www.stubau.team\/sr\/wp-json\/wp\/v2\/pages"}],"about":[{"href":"https:\/\/www.stubau.team\/sr\/wp-json\/wp\/v2\/types\/page"}],"author":[{"embeddable":true,"href":"https:\/\/www.stubau.team\/sr\/wp-json\/wp\/v2\/users\/1"}],"replies":[{"embeddable":true,"href":"https:\/\/www.stubau.team\/sr\/wp-json\/wp\/v2\/comments?post=396"}],"version-history":[{"count":11,"href":"https:\/\/www.stubau.team\/sr\/wp-json\/wp\/v2\/pages\/396\/revisions"}],"predecessor-version":[{"id":686,"href":"https:\/\/www.stubau.team\/sr\/wp-json\/wp\/v2\/pages\/396\/revisions\/686"}],"wp:attachment":[{"href":"https:\/\/www.stubau.team\/sr\/wp-json\/wp\/v2\/media?parent=396"}],"curies":[{"name":"wp","href":"https:\/\/api.w.org\/{rel}","templated":true}]}}