{"id":400,"date":"2018-09-23T16:39:59","date_gmt":"2018-09-23T14:39:59","guid":{"rendered":"https:\/\/www.stubau.team\/preco-stubau\/"},"modified":"2018-09-27T11:06:50","modified_gmt":"2018-09-27T09:06:50","slug":"zasto-stubau","status":"publish","type":"page","link":"https:\/\/www.stubau.team\/sr\/zasto-stubau\/","title":{"rendered":"Za\u0161to Stubau?"},"content":{"rendered":"<div class=\"wpb-content-wrapper\">[vc_row full_width=&#8220;stretch_row&#8220; typography_style=&#8220;white&#8220; wpex_bg_overlay=&#8220;dark&#8220; bg_style=&#8220;stretch&#8220; style=&#8220;light&#8220; css=&#8220;.vc_custom_1530261999474{padding-top: 110px !important;padding-bottom: 90px !important;background-image: url(http:\/\/stubau.team\/wp-content\/uploads\/2018\/06\/top04.jpg?id=226) !important;background-position: center !important;background-repeat: no-repeat !important;background-size: cover !important;}&#8220; wpex_bg_overlay_color=&#8220;#000000&#8243;][vc_column]<style>.vcex-heading.vcex_69f1e302ed1bd{color:#ffffff;font-size:36px;font-weight:700;text-transform:uppercase;}<\/style><h1 class=\"vcex-heading vcex-heading-plain vcex-module wpex-heading wpex-text-2xl wpex-text-center vcex_69f1e302ed1bd\"><span class=\"vcex-heading-inner wpex-inline-block\">Posao u Stubau<\/span><\/h1><div class=\"vcex-spacing wpex-w-100 wpex-clear\" style=\"height:20px;\"><\/div>[vc_column_text font_size=&#8220;21&#8243;]\n<p style=\"text-align: center;\">Stubau se temelji na profesionalnom radu i nudi posao<br \/>\nu stabilnoj firmi sa mogu\u0107im karijernim rastom.<\/p>\n[\/vc_column_text][\/vc_column][\/vc_row][vc_row css=&#8220;.vc_custom_1489882647512{padding-top: 70px !important;padding-bottom: 30px !important;}&#8220;][vc_column width=&#8220;1\/2&#8243;]<style>.vcex-heading.vcex_69f1e302ee56b{font-size:28px;text-transform:uppercase;}<\/style><h2 class=\"vcex-heading vcex-heading-plain vcex-module wpex-heading wpex-text-2xl vcex_69f1e302ee56b\"><span class=\"vcex-heading-inner wpex-inline-block\">Na\u0161a firma<\/span><\/h2><div class=\"vcex-spacing wpex-w-100 wpex-clear\" style=\"height:20px;\"><\/div>[vc_column_text]Firma je nastala 2014. godine kao zajedni\u010dki projekat vlasnika sa vi\u0161egodi\u0161njim isustvom u oblastima gra\u0111evinstva i rekontrukcija. Osnovna filozofija firme je bila da se usluge \u010dine na najvi\u0161em nivou, \u0161to se i ostvarilo zahvaljuju\u0107i iskusnim radnicima.<\/p>\n<p>U to vreme (kad je bilo 10-ak radnika), firma se naj\u010de\u0161\u0107e bavila kompletnom rekonstrukcijom stambenih prostora.[\/vc_column_text][\/vc_column][vc_column width=&#8220;1\/2&#8243;][vc_column_text]Iz godine u godinu broj radnika je rapidno rastao, broj projekata ali i opus usluga se pove\u0107avao, ali nismo dozvolili da na\u0161i radovi trpe na kvalitetu, nego smo samo uznapredovali.<\/p>\n<p>Na\u0161i radnici su profesionalci u svojoj struci, svakodnevno se usavr\u0161avaju kako bi savladali najnoviju tehnologiju i maksimalno je primenili..<\/p>\n<p>Iako se na\u0161a firma fokusirala na projekte u Bratislavi ili okolini, u poslednje vreme se na\u0161e podru\u010dje rada ra\u0161irilo i u inostranstvo, gde sada tako\u0111e nudimo svoje usluge.[\/vc_column_text][\/vc_column][\/vc_row][vc_row full_width=&#8220;stretch_row&#8220; css=&#8220;.vc_custom_1489882653141{padding-top: 70px !important;padding-bottom: 30px !important;background-color: #efefef !important;}&#8220;][vc_column width=&#8220;1\/2&#8243;]<style>.vcex-heading.vcex_69f1e302ef2ff{font-size:28px;text-transform:uppercase;}<\/style><h2 class=\"vcex-heading vcex-heading-plain vcex-module wpex-heading wpex-text-2xl vcex_69f1e302ef2ff\"><span class=\"vcex-heading-inner wpex-inline-block\">Kojim uslugama se bavimo?<\/span><\/h2><div class=\"vcex-spacing wpex-w-100 wpex-clear\" style=\"height:20px;\"><\/div>[vc_column_text]Firma Stubau se bavi \u0161irokim podru\u010djem rada, od izgradnje pa do zavr\u0161nih radova na novogradnjama. Posve\u0107ujemo se i kompletnim rekonstrukcijama ku\u0107a ili stanova. Broj projekata na kojim radimo neprestano raste i zato stalno tra\u017eimo nove odgovorne radnike sa vi\u0161egodi\u0161njom praksom za slede\u0107e radove:[\/vc_column_text]<div class=\"vcex-spacing wpex-w-100 wpex-clear\" style=\"height:20px;\"><\/div>[vc_row_inner][vc_column_inner width=&#8220;1\/2&#8243;]<div class=\"vcex-module vcex-bullets vcex-bullets--vertical custom-icon\">\n<ul role=\"list\">\n<li><div class=\"vcex-bullets-ci-wrap wpex-inline-flex\"><span class=\"vcex-bullets-icon-wrap vcex-icon-wrap wpex-mr-10\"><span class=\"vcex-bullets-icon vcex-icon fa fa-info-circle\" aria-hidden=\"true\"><\/span><\/span><div class=\"vcex-content wpex-flex-grow\">Kompetne rekonstrukcije<\/div><\/div><\/li>\n<li><div class=\"vcex-bullets-ci-wrap wpex-inline-flex\"><span class=\"vcex-bullets-icon-wrap vcex-icon-wrap wpex-mr-10\"><span class=\"vcex-bullets-icon vcex-icon fa fa-info-circle\" aria-hidden=\"true\"><\/span><\/span><div class=\"vcex-content wpex-flex-grow\">Zavr\u0161ne radove na novogradnji<\/div><\/div><\/li>\n<li><div class=\"vcex-bullets-ci-wrap wpex-inline-flex\"><span class=\"vcex-bullets-icon-wrap vcex-icon-wrap wpex-mr-10\"><span class=\"vcex-bullets-icon vcex-icon fa fa-info-circle\" aria-hidden=\"true\"><\/span><\/span><div class=\"vcex-content wpex-flex-grow\">Zidanje<\/div><\/div><\/li>\n<li><div class=\"vcex-bullets-ci-wrap wpex-inline-flex\"><span class=\"vcex-bullets-icon-wrap vcex-icon-wrap wpex-mr-10\"><span class=\"vcex-bullets-icon vcex-icon fa fa-info-circle\" aria-hidden=\"true\"><\/span><\/span><div class=\"vcex-content wpex-flex-grow\">Malterisanje<\/div><\/div><\/li>\n<li><div class=\"vcex-bullets-ci-wrap wpex-inline-flex\"><span class=\"vcex-bullets-icon-wrap vcex-icon-wrap wpex-mr-10\"><span class=\"vcex-bullets-icon vcex-icon fa fa-info-circle\" aria-hidden=\"true\"><\/span><\/span><div class=\"vcex-content wpex-flex-grow\">Molerisanje<\/div><\/div><\/li>\n<li><div class=\"vcex-bullets-ci-wrap wpex-inline-flex\"><span class=\"vcex-bullets-icon-wrap vcex-icon-wrap wpex-mr-10\"><span class=\"vcex-bullets-icon vcex-icon fa fa-info-circle\" aria-hidden=\"true\"><\/span><\/span><div class=\"vcex-content wpex-flex-grow\">Gletovanje<\/div><\/div><\/li>\n<\/ul>\n<\/div>[\/vc_column_inner][vc_column_inner width=&#8220;1\/2&#8243;]<div class=\"vcex-module vcex-bullets vcex-bullets--vertical custom-icon\">\n<ul role=\"list\">\n<li><div class=\"vcex-bullets-ci-wrap wpex-inline-flex\"><span class=\"vcex-bullets-icon-wrap vcex-icon-wrap wpex-mr-10\"><span class=\"vcex-bullets-icon vcex-icon fa fa-info-circle\" aria-hidden=\"true\"><\/span><\/span><div class=\"vcex-content wpex-flex-grow\">Elektroinstalacije<\/div><\/div><\/li>\n<li><div class=\"vcex-bullets-ci-wrap wpex-inline-flex\"><span class=\"vcex-bullets-icon-wrap vcex-icon-wrap wpex-mr-10\"><span class=\"vcex-bullets-icon vcex-icon fa fa-info-circle\" aria-hidden=\"true\"><\/span><\/span><div class=\"vcex-content wpex-flex-grow\">Vodoinstalacije<\/div><\/div><\/li>\n<li><div class=\"vcex-bullets-ci-wrap wpex-inline-flex\"><span class=\"vcex-bullets-icon-wrap vcex-icon-wrap wpex-mr-10\"><span class=\"vcex-bullets-icon vcex-icon fa fa-info-circle\" aria-hidden=\"true\"><\/span><\/span><div class=\"vcex-content wpex-flex-grow\">Plin i centralno grejanje<\/div><\/div><\/li>\n<li><div class=\"vcex-bullets-ci-wrap wpex-inline-flex\"><span class=\"vcex-bullets-icon-wrap vcex-icon-wrap wpex-mr-10\"><span class=\"vcex-bullets-icon vcex-icon fa fa-info-circle\" aria-hidden=\"true\"><\/span><\/span><div class=\"vcex-content wpex-flex-grow\">Postavljanje podova<\/div><\/div><\/li>\n<li><div class=\"vcex-bullets-ci-wrap wpex-inline-flex\"><span class=\"vcex-bullets-icon-wrap vcex-icon-wrap wpex-mr-10\"><span class=\"vcex-bullets-icon vcex-icon fa fa-info-circle\" aria-hidden=\"true\"><\/span><\/span><div class=\"vcex-content wpex-flex-grow\">Kerami\u010dke radove<\/div><\/div><\/li>\n<li><div class=\"vcex-bullets-ci-wrap wpex-inline-flex\"><span class=\"vcex-bullets-icon-wrap vcex-icon-wrap wpex-mr-10\"><span class=\"vcex-bullets-icon vcex-icon fa fa-info-circle\" aria-hidden=\"true\"><\/span><\/span><div class=\"vcex-content wpex-flex-grow\">Gipsane radove<\/div><\/div><\/li>\n<\/ul>\n<\/div>[\/vc_column_inner][\/vc_row_inner][\/vc_column][vc_column width=&#8220;1\/2&#8243;][vc_single_image image=&#8220;237&#8243; style=&#8220;vc_box_circle&#8220;][\/vc_column][\/vc_row][vc_row css=&#8220;.vc_custom_1489882658925{padding-top: 70px !important;padding-bottom: 30px !important;}&#8220;][vc_column]<style>.vcex-heading.vcex_69f1e302f1240{font-size:28px;text-transform:uppercase;}<\/style><h2 class=\"vcex-heading vcex-heading-plain vcex-module wpex-heading wpex-text-2xl vcex_69f1e302f1240\"><span class=\"vcex-heading-inner wpex-inline-block\">Koje su prednosti rada za Stubau?<\/span><\/h2><div class=\"vcex-spacing wpex-w-100 wpex-clear\" style=\"height:20px;\"><\/div>[vc_column_text]Posao u Stubau je pravi korak a va\u0161im uspe\u0161nim karijerama u gra\u0111evinarstvu. Garantujemo vam mogu\u0107nost rasta plate koje su redovne i koje se na vreme ispla\u0107uju. Radimo na mnogim projektima, od rekonstrukcija do kompletnih izgradnji novih gra\u0111evina i zato ne tra\u017eimo sezonske radnike ve\u0107 pouzdane kolege sa profesionalnim znanjem i iskustvom na dugotrajno partnerstvo. Kod nas se uvek mo\u017eete osloniti na:<\/p>\n<ul>\n<li>Siguran rad u pouzdanoj i stabilnoj firmi<\/li>\n<li>Natprose\u010dne plate<\/li>\n<li>Stabilno radno vreme, slobodi vikendi<\/li>\n<li>Posao u dinami\u010dnom kolektivu<\/li>\n<li>Mogu\u0107nost karijernog rasta<\/li>\n<li>U slu\u010daju inostranog interesa, mogu\u0107a pomo\u0107 oko dobijanja radne vize<\/li>\n<\/ul>\n[\/vc_column_text][\/vc_column][\/vc_row]\n<\/div>","protected":false},"excerpt":{"rendered":"<p>[vc_row full_width=&#8220;stretch_row&#8220; typography_style=&#8220;white&#8220; wpex_bg_overlay=&#8220;dark&#8220; bg_style=&#8220;stretch&#8220; style=&#8220;light&#8220; css=&#8220;.vc_custom_1530261999474{padding-top: 110px !important;padding-bottom: 90px !important;background-image: url(http:\/\/stubau.team\/wp-content\/uploads\/2018\/06\/top04.jpg?id=226) !important;background-position: center !important;background-repeat: no-repeat !important;background-size: cover !important;}&#8220; wpex_bg_overlay_color=&#8220;#000000&#8243;][vc_column][vc_column_text font_size=&#8220;21&#8243;] Stubau se temelji na profesionalnom radu i nudi posao u stabilnoj firmi sa mogu\u0107im karijernim rastom. [\/vc_column_text][\/vc_column][\/vc_row][vc_row css=&#8220;.vc_custom_1489882647512{padding-top: 70px !important;padding-bottom: 30px !important;}&#8220;][vc_column width=&#8220;1\/2&#8243;][vc_column_text]Firma je nastala 2014. godine kao zajedni\u010dki projekat vlasnika sa vi\u0161egodi\u0161njim isustvom&hellip;<\/p>\n","protected":false},"author":1,"featured_media":0,"parent":0,"menu_order":0,"comment_status":"closed","ping_status":"closed","template":"","meta":{"footnotes":""},"class_list":["post-400","page","type-page","status-publish","hentry","entry","no-media"],"_links":{"self":[{"href":"https:\/\/www.stubau.team\/sr\/wp-json\/wp\/v2\/pages\/400","targetHints":{"allow":["GET"]}}],"collection":[{"href":"https:\/\/www.stubau.team\/sr\/wp-json\/wp\/v2\/pages"}],"about":[{"href":"https:\/\/www.stubau.team\/sr\/wp-json\/wp\/v2\/types\/page"}],"author":[{"embeddable":true,"href":"https:\/\/www.stubau.team\/sr\/wp-json\/wp\/v2\/users\/1"}],"replies":[{"embeddable":true,"href":"https:\/\/www.stubau.team\/sr\/wp-json\/wp\/v2\/comments?post=400"}],"version-history":[{"count":11,"href":"https:\/\/www.stubau.team\/sr\/wp-json\/wp\/v2\/pages\/400\/revisions"}],"predecessor-version":[{"id":429,"href":"https:\/\/www.stubau.team\/sr\/wp-json\/wp\/v2\/pages\/400\/revisions\/429"}],"wp:attachment":[{"href":"https:\/\/www.stubau.team\/sr\/wp-json\/wp\/v2\/media?parent=400"}],"curies":[{"name":"wp","href":"https:\/\/api.w.org\/{rel}","templated":true}]}}