{"id":530,"date":"2018-10-23T16:19:40","date_gmt":"2018-10-23T14:19:40","guid":{"rendered":"https:\/\/www.stubau.team\/%d0%ba%d0%be%d0%bd%d1%82%d0%b0%d0%ba%d1%82\/"},"modified":"2020-01-17T16:29:19","modified_gmt":"2020-01-17T15:29:19","slug":"%d0%ba%d0%be%d0%bd%d1%82%d0%b0%d0%ba%d1%82","status":"publish","type":"page","link":"https:\/\/www.stubau.team\/uk\/%d0%ba%d0%be%d0%bd%d1%82%d0%b0%d0%ba%d1%82\/","title":{"rendered":"\u041a\u041e\u041d\u0422\u0410\u041a\u0422\u0418"},"content":{"rendered":"<div class=\"wpb-content-wrapper\">[vc_row full_width=&#8221;stretch_row&#8221; typography_style=&#8221;light&#8221; wpex_bg_overlay=&#8221;dark&#8221; bg_style=&#8221;stretch&#8221; css=&#8221;.vc_custom_1530261799009{padding-top: 110px !important;padding-bottom: 90px !important;background-image: url(http:\/\/stubau.team\/wp-content\/uploads\/2018\/06\/handshake.jpg?id=228) !important;background-position: center !important;background-repeat: no-repeat !important;background-size: cover !important;}&#8221; wpex_bg_overlay_color=&#8221;#000000&#8243;][vc_column]<style>.vcex-heading.vcex_69f1dd445c33d{color:#ffffff;font-size:32px;font-weight:700;text-transform:uppercase;}<\/style><h1 class=\"vcex-heading vcex-heading-plain vcex-module wpex-heading wpex-text-2xl wpex-text-center vcex_69f1dd445c33d\"><span class=\"vcex-heading-inner wpex-inline-block\">\u0412\u0410\u0428\u0410 \u041a\u0410\u0420'\u0404\u0420\u0410 \u0412 \u0421\u0424\u0415\u0420\u0406 \u0411\u0423\u0414\u0406\u0412\u041d\u0418\u0426\u0422\u0412\u0410 \u041f\u041e\u0427\u0418\u041d\u0410\u0404\u0422\u042c\u0421\u042f \u0421\u0410\u041c\u0415 \u0422\u0423\u0422<\/span><\/h1><div class=\"vcex-spacing wpex-w-100 wpex-clear\" style=\"height:20px;\"><\/div>[vc_column_text color=&#8221;#ffffff&#8221; font_size=&#8221;21px&#8221;]\n<p style=\"text-align: center;\">\u041c\u0430\u0454\u0442\u0435 \u0431\u0430\u0433\u0430\u0442\u043e\u0440\u0456\u0447\u043d\u0438\u0439 \u0434\u043e\u0441\u0432\u0456\u0434 \u0442\u0430 \u0432\u0432\u0430\u0436\u0430\u0454\u0442\u0435\u0441\u044f \u0444\u0430\u0445\u0456\u0432\u0446\u0435\u043c \u0443 \u0441\u0432\u043e\u0457\u0439 \u0433\u0430\u043b\u0443\u0437\u0456?<br \/>\n\u0411\u0430\u0436\u0430\u0454\u0442\u0435 \u043f\u0440\u0430\u0446\u044e\u0432\u0430\u0442\u0438 \u043d\u0430\u0434 \u0446\u0456\u043a\u0430\u0432\u0438\u043c\u0438 \u0431\u0443\u0434\u0456\u0432\u0435\u043b\u044c\u043d\u0438\u043c\u0438 \u043f\u0440\u043e\u0435\u043a\u0442\u0430\u043c\u0438? \u0414\u0430\u0439\u0442\u0435 \u043d\u0430\u043c \u0437\u043d\u0430\u0442\u0438 \u043f\u0440\u043e \u0441\u0435\u0431\u0435!<\/p>\n[\/vc_column_text][\/vc_column][\/vc_row][vc_row css=&#8221;.vc_custom_1530259757770{padding-top: 70px !important;padding-bottom: 20px !important;}&#8221;][vc_column][vc_column_text]\u0411\u0430\u0436\u0430\u0454\u0442\u0435 \u043f\u0440\u0430\u0446\u044e\u0432\u0430\u0442\u0438 \u0432 STUBAU? \u042f\u043a\u0449\u043e \u0432\u0430\u0441 \u0446\u0456\u043a\u0430\u0432\u0438\u0442\u044c \u0440\u043e\u0431\u043e\u0442\u0430 \u0443 \u0441\u0442\u0430\u0431\u0456\u043b\u044c\u043d\u0456\u0439 \u0442\u0430 \u0443\u0441\u043f\u0456\u0448\u043d\u0456\u0439 \u0431\u0443\u0434\u0456\u0432\u0435\u043b\u044c\u043d\u0456\u0439 \u043a\u043e\u043c\u043f\u0430\u043d\u0456\u0457, \u043d\u0430\u0434\u0456\u0448\u043b\u0456\u0442\u044c \u043d\u0430\u043c \u043f\u043e\u0432\u0456\u0434\u043e\u043c\u043b\u0435\u043d\u043d\u044f. \u041d\u0435 \u0437\u0430\u0431\u0443\u0434\u044c\u0442\u0435 \u0432\u043a\u0430\u0437\u0430\u0442\u0438 \u043a\u043e\u043d\u0442\u0430\u043a\u0442\u043d\u0456 \u0434\u0430\u043d\u0456, \u0430 \u0442\u0430\u043a\u043e\u0436 \u0456\u043d\u0444\u043e\u0440\u043c\u0430\u0446\u0456\u044e \u043f\u0440\u043e \u0442\u0435, \u044f\u043a\u0430 \u0432\u0430\u043a\u0430\u043d\u0441\u0456\u044f \u0432\u0430\u0441 \u0446\u0456\u043a\u0430\u0432\u0438\u0442\u044c. \u041c\u043e\u0436\u0435\u0442\u0435 \u0442\u0430\u043a\u043e\u0436 \u043f\u0440\u0438\u043a\u043b\u0430\u0441\u0442\u0438 \u0441\u0432\u043e\u0454 \u0440\u0435\u0437\u044e\u043c\u0435. \u041d\u0430\u0448\u0456 \u043a\u043e\u043b\u0435\u0433\u0438 \u0437\u0432&#8217;\u044f\u0436\u0443\u0442\u044c\u0441\u044f \u0437 \u0432\u0430\u043c\u0438 \u0442\u0430 \u0443\u0437\u0433\u043e\u0434\u044f\u0442\u044c \u0456\u043d\u0448\u0456 \u0434\u0435\u0442\u0430\u043b\u0456.[\/vc_column_text]<div class=\"vcex-spacing wpex-w-100 wpex-clear\" style=\"height:10px;\"><\/div>[\/vc_column][vc_column width=&#8221;2\/3&#8243;]<div class=\"vcex-form-shortcode vcex-module wpex-form wpex-m-auto wpex-max-w-100 full-width-input\">\n<div class=\"wpcf7 no-js\" id=\"wpcf7-f535-o1\" lang=\"sk-SK\" dir=\"ltr\" data-wpcf7-id=\"535\">\n<div class=\"screen-reader-response\"><p role=\"status\" aria-live=\"polite\" aria-atomic=\"true\"><\/p> <ul><\/ul><\/div>\n<form action=\"\/uk\/wp-json\/wp\/v2\/pages\/530#wpcf7-f535-o1\" method=\"post\" class=\"wpcf7-form init wpcf7-acceptance-as-validation\" aria-label=\"Contact form\" enctype=\"multipart\/form-data\" novalidate=\"novalidate\" data-status=\"init\">\n<fieldset class=\"hidden-fields-container\"><input type=\"hidden\" name=\"_wpcf7\" value=\"535\" \/><input type=\"hidden\" name=\"_wpcf7_version\" value=\"6.1.5\" \/><input type=\"hidden\" name=\"_wpcf7_locale\" value=\"sk_SK\" \/><input type=\"hidden\" name=\"_wpcf7_unit_tag\" value=\"wpcf7-f535-o1\" \/><input type=\"hidden\" name=\"_wpcf7_container_post\" value=\"0\" \/><input type=\"hidden\" name=\"_wpcf7_posted_data_hash\" value=\"\" \/><input type=\"hidden\" name=\"_wpcf7_recaptcha_response\" value=\"\" \/>\n<\/fieldset>\n<p><label> \u0412\u0430\u0448\u0435 \u0456\u043c'\u044f (\u043e\u0431\u043e\u0432'\u044f\u0437\u043a\u043e\u0432\u043e)<br \/>\n<span class=\"wpcf7-form-control-wrap\" data-name=\"your-name\"><input size=\"40\" maxlength=\"400\" class=\"wpcf7-form-control wpcf7-text wpcf7-validates-as-required\" aria-required=\"true\" aria-invalid=\"false\" value=\"\" type=\"text\" name=\"your-name\" \/><\/span> <\/label>\n<\/p>\n<p><label> \u0412\u0430\u0448 e-mail (\u043e\u0431\u043e\u0432'\u044f\u0437\u043a\u043e\u0432\u043e)<br \/>\n<span class=\"wpcf7-form-control-wrap\" data-name=\"your-email\"><input size=\"40\" maxlength=\"400\" class=\"wpcf7-form-control wpcf7-email wpcf7-validates-as-required wpcf7-text wpcf7-validates-as-email\" aria-required=\"true\" aria-invalid=\"false\" value=\"\" type=\"email\" name=\"your-email\" \/><\/span> <\/label>\n<\/p>\n<p><label> \u041c\u0435\u043d\u0435 \u0446\u0456\u043a\u0430\u0432\u0438\u0442\u044c \u0432\u0430\u043a\u0430\u043d\u0441\u0456\u044f<br \/>\n<span class=\"wpcf7-form-control-wrap\" data-name=\"your-subject\"><input size=\"40\" maxlength=\"400\" class=\"wpcf7-form-control wpcf7-text\" aria-invalid=\"false\" value=\"\" type=\"text\" name=\"your-subject\" \/><\/span> <\/label>\n<\/p>\n<p><label> \u0412\u0430\u0448\u0435 \u043f\u043e\u0432\u0456\u0434\u043e\u043c\u043b\u0435\u043d\u043d\u044f<br \/>\n<span class=\"wpcf7-form-control-wrap\" data-name=\"your-message\"><textarea cols=\"40\" rows=\"10\" maxlength=\"2000\" class=\"wpcf7-form-control wpcf7-textarea\" aria-invalid=\"false\" name=\"your-message\"><\/textarea><\/span> <\/label>\n<\/p>\n<p><label> \u0412\u043a\u043b\u0430\u0434\u0435\u043d\u043d\u044f (.doc, .docx, .pdf, .jpg, .png)<br \/>\n<span class=\"wpcf7-form-control-wrap\" data-name=\"priloha\"><input size=\"40\" class=\"wpcf7-form-control wpcf7-file\" accept=\".doc,.docx,.pdf,.jpeg,.jpg,.png\" aria-invalid=\"false\" type=\"file\" name=\"priloha\" \/><\/span> <\/label>\n<\/p>\n<p><span class=\"wpcf7-form-control-wrap\" data-name=\"cmplz-acceptance\"><span class=\"wpcf7-form-control wpcf7-acceptance\"><span class=\"wpcf7-list-item\"><label><input type=\"checkbox\" name=\"cmplz-acceptance\" value=\"1\" aria-invalid=\"false\" \/><span class=\"wpcf7-list-item-label\">Na odoslanie tohto formul\u00e1ra mus\u00edte prija\u0165 na\u0161e <a href=\"#?cmplz_region_redirect=true\">Z\u00e1sady ochrany osobn\u00fdch \u00fadajov<\/a><\/span><\/label><\/span><\/span><\/span>\n<\/p>\n<p><input class=\"wpcf7-form-control wpcf7-submit has-spinner\" type=\"submit\" value=\"\u0412\u0456\u0434\u043f\u0440\u0430\u0432\u0438\u0442\u0438\" \/>\n<\/p><div class=\"wpcf7-response-output\" aria-hidden=\"true\"><\/div>\n<\/form>\n<\/div>\n<\/div>[\/vc_column][vc_column width=&#8221;1\/3&#8243;]<div class=\"vcex-spacing wpex-w-100 wpex-clear\" style=\"height:30px;\"><\/div><style>.vcex-icon-box.vcex_69f1dd4461733:hover{background:#009ee2;}<\/style><a class=\"vcex-module vcex-icon-box vcex-icon-box-five vcex-icon-box-has-link wpex-inherit-color wpex-no-underline wpex-block wpex-text-center wpex-p-30 wpex-surface-2 vcex_69f1dd4461733\" href=\"https:\/\/goo.gl\/maps\/FDDrHwusAi82\" target=\"_blank\" rel=\"noopener noreferrer\"><div class=\"vcex-icon-box-symbol vcex-icon-box-symbol--icon wpex-mb-20\"><div class=\"vcex-icon-box-icon wpex-items-center wpex-justify-center wpex-child-inherit-color wpex-text-center wpex-leading-none wpex-inline-flex wpex-text-1\"><span class=\"wpex-flex wpex-icon\" aria-hidden=\"true\"><svg xmlns=\"http:\/\/www.w3.org\/2000\/svg\" viewBox=\"0 0 384 512\"><path d=\"M64 48c-8.8 0-16 7.2-16 16V448c0 8.8 7.2 16 16 16h80V400c0-26.5 21.5-48 48-48s48 21.5 48 48v64h80c8.8 0 16-7.2 16-16V64c0-8.8-7.2-16-16-16H64zM0 64C0 28.7 28.7 0 64 0H320c35.3 0 64 28.7 64 64V448c0 35.3-28.7 64-64 64H64c-35.3 0-64-28.7-64-64V64zm88 40c0-8.8 7.2-16 16-16h48c8.8 0 16 7.2 16 16v48c0 8.8-7.2 16-16 16H104c-8.8 0-16-7.2-16-16V104zM232 88h48c8.8 0 16 7.2 16 16v48c0 8.8-7.2 16-16 16H232c-8.8 0-16-7.2-16-16V104c0-8.8 7.2-16 16-16zM88 232c0-8.8 7.2-16 16-16h48c8.8 0 16 7.2 16 16v48c0 8.8-7.2 16-16 16H104c-8.8 0-16-7.2-16-16V232zm144-16h48c8.8 0 16 7.2 16 16v48c0 8.8-7.2 16-16 16H232c-8.8 0-16-7.2-16-16V232c0-8.8 7.2-16 16-16z\"\/><\/svg><\/span><\/div><\/div><div class=\"vcex-icon-box-text\"><h3 class=\"vcex-icon-box-heading wpex-heading wpex-text-md wpex-mb-10\">\u0410\u0434\u0440\u0435\u0441\u0430 \u043e\u0444\u0456\u0441\u0443<\/h3><div class=\"vcex-icon-box-content wpex-last-mb-0 wpex-clr\"><p>Podunajsk\u00e1 23\/F<br \/>\n821 01 Bratislava<br \/>\nSlovakia<\/p>\n<\/div><\/div><\/a><div class=\"vcex-spacing wpex-w-100 wpex-clear\" style=\"height:10px;\"><\/div><style>.vcex-icon-box.vcex_69f1dd446276c:hover{background:#009ee2;}<\/style><a class=\"vcex-module vcex-icon-box vcex-icon-box-five vcex-icon-box-has-link wpex-inherit-color wpex-no-underline wpex-block wpex-text-center wpex-p-30 wpex-surface-2 vcex_69f1dd446276c\" href=\"tel:+421%20903%2025%2020%2053\"><div class=\"vcex-icon-box-symbol vcex-icon-box-symbol--icon wpex-mb-20\"><div class=\"vcex-icon-box-icon wpex-items-center wpex-justify-center wpex-child-inherit-color wpex-text-center wpex-leading-none wpex-inline-flex wpex-text-1\"><span class=\"wpex-flex wpex-icon\" aria-hidden=\"true\"><svg xmlns=\"http:\/\/www.w3.org\/2000\/svg\" viewBox=\"0 0 384 512\"><path d=\"M16 64C16 28.7 44.7 0 80 0H304c35.3 0 64 28.7 64 64V448c0 35.3-28.7 64-64 64H80c-35.3 0-64-28.7-64-64V64zM144 448c0 8.8 7.2 16 16 16h64c8.8 0 16-7.2 16-16s-7.2-16-16-16H160c-8.8 0-16 7.2-16 16zM304 64H80V384H304V64z\"\/><\/svg><\/span><\/div><\/div><div class=\"vcex-icon-box-text\"><h3 class=\"vcex-icon-box-heading wpex-heading wpex-text-md wpex-mb-10\">\u0422\u0435\u043b\u0435\u0444\u043e\u043d<\/h3><div class=\"vcex-icon-box-content wpex-last-mb-0 wpex-clr\"><p>+421\u00a0903 252 053<br \/>\n+421 903 125 113<br \/>\n(Viber, WhatsApp)<\/p>\n<\/div><\/div><\/a><div class=\"vcex-spacing wpex-w-100 wpex-clear\" style=\"height:10px;\"><\/div><style>.vcex-icon-box.vcex_69f1dd446328a:hover{background:#009ee2;}<\/style><a class=\"vcex-module vcex-icon-box vcex-icon-box-five vcex-icon-box-has-link wpex-inherit-color wpex-no-underline wpex-block wpex-text-center wpex-p-30 wpex-surface-2 vcex_69f1dd446328a\" href=\"mailto:&#105;&#110;f&#111;&#064;&#115;&#116;u&#098;&#097;u&#046;s&#107;\"><div class=\"vcex-icon-box-symbol vcex-icon-box-symbol--icon wpex-mb-20\"><div class=\"vcex-icon-box-icon wpex-items-center wpex-justify-center wpex-child-inherit-color wpex-text-center wpex-leading-none wpex-inline-flex wpex-text-1\"><span class=\"wpex-flex wpex-icon\" aria-hidden=\"true\"><svg xmlns=\"http:\/\/www.w3.org\/2000\/svg\" viewBox=\"0 0 512 512\"><path d=\"M64 112c-8.8 0-16 7.2-16 16v22.1L220.5 291.7c20.7 17 50.4 17 71.1 0L464 150.1V128c0-8.8-7.2-16-16-16H64zM48 212.2V384c0 8.8 7.2 16 16 16H448c8.8 0 16-7.2 16-16V212.2L322 328.8c-38.4 31.5-93.7 31.5-132 0L48 212.2zM0 128C0 92.7 28.7 64 64 64H448c35.3 0 64 28.7 64 64V384c0 35.3-28.7 64-64 64H64c-35.3 0-64-28.7-64-64V128z\"\/><\/svg><\/span><\/div><\/div><div class=\"vcex-icon-box-text\"><h3 class=\"vcex-icon-box-heading wpex-heading wpex-text-md wpex-mb-10\">Email<\/h3><div class=\"vcex-icon-box-content wpex-last-mb-0 wpex-clr\"><p>info@stubau.sk<\/p>\n<\/div><\/div><\/a>[\/vc_column][\/vc_row]\n<\/div>","protected":false},"excerpt":{"rendered":"<p>[vc_row full_width=&#8221;stretch_row&#8221; typography_style=&#8221;light&#8221; wpex_bg_overlay=&#8221;dark&#8221; bg_style=&#8221;stretch&#8221; css=&#8221;.vc_custom_1530261799009{padding-top: 110px !important;padding-bottom: 90px !important;background-image: url(http:\/\/stubau.team\/wp-content\/uploads\/2018\/06\/handshake.jpg?id=228) !important;background-position: center !important;background-repeat: no-repeat !important;background-size: cover !important;}&#8221; wpex_bg_overlay_color=&#8221;#000000&#8243;][vc_column][vc_column_text color=&#8221;#ffffff&#8221; font_size=&#8221;21px&#8221;] \u041c\u0430\u0454\u0442\u0435 \u0431\u0430\u0433\u0430\u0442\u043e\u0440\u0456\u0447\u043d\u0438\u0439 \u0434\u043e\u0441\u0432\u0456\u0434 \u0442\u0430 \u0432\u0432\u0430\u0436\u0430\u0454\u0442\u0435\u0441\u044f \u0444\u0430\u0445\u0456\u0432\u0446\u0435\u043c \u0443 \u0441\u0432\u043e\u0457\u0439 \u0433\u0430\u043b\u0443\u0437\u0456? \u0411\u0430\u0436\u0430\u0454\u0442\u0435 \u043f\u0440\u0430\u0446\u044e\u0432\u0430\u0442\u0438 \u043d\u0430\u0434 \u0446\u0456\u043a\u0430\u0432\u0438\u043c\u0438 \u0431\u0443\u0434\u0456\u0432\u0435\u043b\u044c\u043d\u0438\u043c\u0438 \u043f\u0440\u043e\u0435\u043a\u0442\u0430\u043c\u0438? \u0414\u0430\u0439\u0442\u0435 \u043d\u0430\u043c \u0437\u043d\u0430\u0442\u0438 \u043f\u0440\u043e \u0441\u0435\u0431\u0435! [\/vc_column_text][\/vc_column][\/vc_row][vc_row css=&#8221;.vc_custom_1530259757770{padding-top: 70px !important;padding-bottom: 20px !important;}&#8221;][vc_column][vc_column_text]\u0411\u0430\u0436\u0430\u0454\u0442\u0435 \u043f\u0440\u0430\u0446\u044e\u0432\u0430\u0442\u0438 \u0432 STUBAU? \u042f\u043a\u0449\u043e \u0432\u0430\u0441 \u0446\u0456\u043a\u0430\u0432\u0438\u0442\u044c \u0440\u043e\u0431\u043e\u0442\u0430 \u0443&hellip;<\/p>\n","protected":false},"author":1,"featured_media":0,"parent":0,"menu_order":0,"comment_status":"closed","ping_status":"closed","template":"","meta":{"footnotes":""},"class_list":["post-530","page","type-page","status-publish","hentry","entry","no-media"],"_links":{"self":[{"href":"https:\/\/www.stubau.team\/uk\/wp-json\/wp\/v2\/pages\/530","targetHints":{"allow":["GET"]}}],"collection":[{"href":"https:\/\/www.stubau.team\/uk\/wp-json\/wp\/v2\/pages"}],"about":[{"href":"https:\/\/www.stubau.team\/uk\/wp-json\/wp\/v2\/types\/page"}],"author":[{"embeddable":true,"href":"https:\/\/www.stubau.team\/uk\/wp-json\/wp\/v2\/users\/1"}],"replies":[{"embeddable":true,"href":"https:\/\/www.stubau.team\/uk\/wp-json\/wp\/v2\/comments?post=530"}],"version-history":[{"count":8,"href":"https:\/\/www.stubau.team\/uk\/wp-json\/wp\/v2\/pages\/530\/revisions"}],"predecessor-version":[{"id":615,"href":"https:\/\/www.stubau.team\/uk\/wp-json\/wp\/v2\/pages\/530\/revisions\/615"}],"wp:attachment":[{"href":"https:\/\/www.stubau.team\/uk\/wp-json\/wp\/v2\/media?parent=530"}],"curies":[{"name":"wp","href":"https:\/\/api.w.org\/{rel}","templated":true}]}}